{"id":2,"date":"2019-07-22T14:27:41","date_gmt":"2019-07-22T12:27:41","guid":{"rendered":"https:\/\/www.bluro.de\/?page_id=2"},"modified":"2021-08-19T17:03:22","modified_gmt":"2021-08-19T15:03:22","slug":"impressum","status":"publish","type":"page","link":"https:\/\/www.bluro.de\/index.php\/impressum\/","title":{"rendered":"Impressum"},"content":{"rendered":"<div  class=\"tatsu-gtmhuafvhxbnyzu1 tatsu-section  tatsu-bg-overlay   tatsu-clearfix\" data-title=\"\"  data-headerscheme=\"background--dark\"><div class='tatsu-section-pad clearfix' data-padding='{\"d\":\"90px 0px 15px 0px\"}' data-padding-top='90px'><div class=\"tatsu-row-wrap  tatsu-wrap tatsu-row-one-col tatsu-row-has-one-cols tatsu-medium-gutter tatsu-reg-cols  tatsu-clearfix tatsu-gtmhuafvkba3t42u\" ><div  class=\"tatsu-row \" ><div  class=\"tatsu-column  tatsu-bg-overlay tatsu-one-col tatsu-column-image-none tatsu-column-effect-none  tatsu-gtmhuafvm94vx96o\"  data-parallax-speed=\"0\" style=\"\"><div class=\"tatsu-column-inner \" ><div class=\"tatsu-column-pad-wrap\"><div class=\"tatsu-column-pad\" ><div  class=\"tatsu-module tatsu-text-block-wrap tatsu-gtmhuafvnib2twey  \"><div class=\"tatsu-text-inner tatsu-align-center  clearfix\" ><style>.tatsu-gtmhuafvnib2twey.tatsu-text-block-wrap .tatsu-text-inner{width: 100%;text-align: left;}<\/style><p>\n<\/div><\/div><\/div><\/div><div class = \"tatsu-column-bg-image-wrap\"><div class = \"tatsu-column-bg-image\" ><\/div><\/div><div class=\"tatsu-overlay tatsu-column-overlay tatsu-animate-none\" ><\/div><\/div><style>.tatsu-row > .tatsu-gtmhuafvm94vx96o.tatsu-column{width: 100%;}.tatsu-gtmhuafvm94vx96o.tatsu-column > .tatsu-column-inner > .tatsu-column-overlay{mix-blend-mode: normal;}.tatsu-gtmhuafvm94vx96o > .tatsu-column-inner > .tatsu-top-divider{z-index: 9999;}.tatsu-gtmhuafvm94vx96o > .tatsu-column-inner > .tatsu-bottom-divider{z-index: 9999;}.tatsu-gtmhuafvm94vx96o > .tatsu-column-inner > .tatsu-left-divider{z-index: 9999;}.tatsu-gtmhuafvm94vx96o > .tatsu-column-inner > .tatsu-right-divider{z-index: 9999;}<\/style><\/div><\/div><\/div><\/div><div class=\"tatsu-section-background-wrap\"><div class = \"tatsu-section-background\" ><\/div><\/div><div class=\"tatsu-overlay tatsu-section-overlay\"><\/div><style>.tatsu-gtmhuafvhxbnyzu1 .tatsu-section-pad{padding: 90px 0px 15px 0px;}.tatsu-gtmhuafvhxbnyzu1 > .tatsu-bottom-divider{z-index: 9999;}.tatsu-gtmhuafvhxbnyzu1 > .tatsu-top-divider{z-index: 9999;}.tatsu-gtmhuafvhxbnyzu1 .tatsu-section-overlay{mix-blend-mode: normal;}<\/style><\/div><div  class=\"tatsu-g74wln9ljhek2grb tatsu-section  tatsu-bg-overlay   tatsu-clearfix\" data-title=\"\"  data-headerscheme=\"background--dark\"><div class='tatsu-section-pad clearfix' data-padding='{\"d\":\"90px 0px 90px 0px\"}' data-padding-top='90px'><div class=\"tatsu-row-wrap  tatsu-wrap tatsu-row-one-col tatsu-row-has-one-cols tatsu-medium-gutter tatsu-reg-cols  tatsu-clearfix tatsu-g74wln9lm7b57i0l\" ><div  class=\"tatsu-row \" ><div  class=\"tatsu-column  tatsu-bg-overlay tatsu-one-col tatsu-column-image-none tatsu-column-effect-none  tatsu-g74wln9looc0pix7\"  data-parallax-speed=\"0\" style=\"\"><div class=\"tatsu-column-inner \" ><div class=\"tatsu-column-pad-wrap\"><div class=\"tatsu-column-pad\" ><div  class=\"tatsu-module tatsu-text-block-wrap tatsu-g74wln9lqr2fz7f3  \"><div class=\"tatsu-text-inner tatsu-align-center  clearfix\" ><style>.tatsu-g74wln9lqr2fz7f3.tatsu-text-block-wrap .tatsu-text-inner{width: 100%;text-align: left;}<\/style><p><\/p>\n<p><strong>Bluro GbR<\/strong><br \/>Adolf-Silverberg-Str. 37a<br \/>50181 Bedburg\/Erft<br \/>Deutschland<\/p>\n<p><\/p>\n<p><\/p>\n<p><strong>E-Mail<\/strong> <a href=\"mailto:ticket@serverspot.de\">ticket@serverspot.de<\/a> <br \/><strong>Telefon<\/strong> +49 (0)2271 &#8211; 79 20 220 <br \/><strong>Fax<\/strong> +49 (0)2271 &#8211; 79 20 229<\/p>\n<p><strong>Umsatzsteuer-Identifikationsnummer:<\/strong>\u00a0DE243791608<\/p>\n<p><\/p>\n<p><\/p>\n<p><strong>Vertretungsberechtigte Gesellschafter<\/strong><br \/>Dipl. Inf. [FH] Luca Rosemann<br \/>Dipl. Inf. [FH] Roman Hoven<\/p>\n<p><\/p>\n<p><\/p>\n<p><strong>Bankverbindung<\/strong><br \/>Kreissparkasse K\u00f6ln<br \/>IBAN: DE46 3705 0299 0142 2727 83<br \/>Swift: COKS DE 33<\/p>\n<p><\/p>\n<p><\/p>\n<p><\/p>\n<p><\/p>\n<p>Online-Streitbeilegung gem\u00e4\u00df Art. 14 Abs. 1 ODR-VO: Die Europ\u00e4ische Kommission stellt eine Plattform zur Online-Streitbeilegung (OS) bereit, die Sie unter\u00a0<a href=\"http:\/\/ec.europa.eu\/consumers\/odr\/\">http:\/\/ec.europa.eu\/consumers\/odr\/<\/a>\u00a0finden.<\/p>\n<p><\/p>\n<p>\u00a0<\/p><\/div><\/div><\/div><\/div><div class = \"tatsu-column-bg-image-wrap\"><div class = \"tatsu-column-bg-image\" ><\/div><\/div><div class=\"tatsu-overlay tatsu-column-overlay tatsu-animate-none\" ><\/div><\/div><style>.tatsu-row > .tatsu-g74wln9looc0pix7.tatsu-column{width: 100%;}.tatsu-g74wln9looc0pix7.tatsu-column > .tatsu-column-inner > .tatsu-column-overlay{mix-blend-mode: normal;}.tatsu-g74wln9looc0pix7 > .tatsu-column-inner > .tatsu-top-divider{z-index: 9999;}.tatsu-g74wln9looc0pix7 > .tatsu-column-inner > .tatsu-bottom-divider{z-index: 9999;}.tatsu-g74wln9looc0pix7 > .tatsu-column-inner > .tatsu-left-divider{z-index: 9999;}.tatsu-g74wln9looc0pix7 > .tatsu-column-inner > .tatsu-right-divider{z-index: 9999;}<\/style><\/div><\/div><\/div><\/div><div class=\"tatsu-section-background-wrap\"><div class = \"tatsu-section-background\" ><\/div><\/div><div class=\"tatsu-overlay tatsu-section-overlay\"><\/div><style>.tatsu-g74wln9ljhek2grb .tatsu-section-pad{padding: 90px 0px 90px 0px;}.tatsu-g74wln9ljhek2grb > .tatsu-bottom-divider{z-index: 9999;}.tatsu-g74wln9ljhek2grb > .tatsu-top-divider{z-index: 9999;}.tatsu-g74wln9ljhek2grb .tatsu-section-overlay{mix-blend-mode: normal;}<\/style><\/div><div  class=\"tatsu-SkWUVEpgvr tatsu-section  tatsu-bg-overlay   tatsu-clearfix\" data-title=\"\"  data-headerscheme=\"background--dark\"><div class='tatsu-section-pad clearfix' data-padding='{\"d\":\"90px 0px 90px 0px\"}' data-padding-top='90px'><div class=\"tatsu-row-wrap  tatsu-wrap tatsu-row-one-col tatsu-row-has-one-cols tatsu-medium-gutter tatsu-reg-cols  tatsu-clearfix tatsu-S1eIEVpeDS\" ><div  class=\"tatsu-row \" ><div  class=\"tatsu-column  tatsu-bg-overlay tatsu-one-col tatsu-column-image-none tatsu-column-effect-none  tatsu-rk8EN6ewS\"  data-parallax-speed=\"0\" style=\"\"><div class=\"tatsu-column-inner \" ><div class=\"tatsu-column-pad-wrap\"><div class=\"tatsu-column-pad\" ><nav  class=\"tatsu-menu-widget-wrap tatsu-module clearfix   tatsu-S1R4V6lwH body  horizontal-menu \"  ><div class=\"tatsu-menu-widget \"><ul id=\"menu-S1R4V6lwH\" class=\"clearfix \"><li id=\"menu-item-3816\" class=\"menu-item menu-item-type-post_type menu-item-object-page menu-item-privacy-policy menu-item-3816\"><a rel=\"privacy-policy\" href=\"https:\/\/www.bluro.de\/index.php\/datenschutzerklaerung\/\" title=\"Datenschutzerkl\u00e4rung\">Datenschutzerkl\u00e4rung<\/a><\/li>\n<li id=\"menu-item-3817\" class=\"menu-item menu-item-type-post_type menu-item-object-page menu-item-3817\"><a href=\"https:\/\/www.bluro.de\/index.php\/impressum\/\" title=\"Impressum\">Impressum<\/a><\/li>\n<\/ul><\/div><style>.tatsu-S1R4V6lwH .tatsu-menu-widget{text-align: center;}.tatsu-S1R4V6lwH .tatsu-menu-widget a{color: #ffffff ;}.tatsu-S1R4V6lwH .tatsu-menu-widget a:hover{color: rgba(34,147,215,1) ;}.tatsu-S1R4V6lwH.tatsu-module{margin: 0 0 30px 0;}<\/style><\/nav><\/div><\/div><div class = \"tatsu-column-bg-image-wrap\"><div class = \"tatsu-column-bg-image\" ><\/div><\/div><div class=\"tatsu-overlay tatsu-column-overlay tatsu-animate-none\" ><\/div><\/div><style>.tatsu-row > .tatsu-rk8EN6ewS.tatsu-column{width: 100%;}.tatsu-rk8EN6ewS.tatsu-column > .tatsu-column-inner > .tatsu-column-overlay{mix-blend-mode: normal;}.tatsu-rk8EN6ewS > .tatsu-column-inner > .tatsu-top-divider{z-index: 9999;}.tatsu-rk8EN6ewS > .tatsu-column-inner > .tatsu-bottom-divider{z-index: 9999;}.tatsu-rk8EN6ewS > .tatsu-column-inner > .tatsu-left-divider{z-index: 9999;}.tatsu-rk8EN6ewS > .tatsu-column-inner > .tatsu-right-divider{z-index: 9999;}@media only screen and (max-width:1377px) {.tatsu-row > .tatsu-rk8EN6ewS.tatsu-column{width: 100%;}}@media only screen and (min-width:768px) and (max-width: 1024px) {.tatsu-row > .tatsu-rk8EN6ewS.tatsu-column{width: 100%;}}@media only screen and (max-width: 767px) {.tatsu-row > .tatsu-rk8EN6ewS.tatsu-column{width: 100%;}}<\/style><\/div><\/div><\/div><\/div><div class=\"tatsu-section-background-wrap\"><div class = \"tatsu-section-background\" ><\/div><\/div><div class=\"tatsu-overlay tatsu-section-overlay\"><\/div><style>.tatsu-SkWUVEpgvr.tatsu-section{background-color: rgba(56,105,177,1);}.tatsu-SkWUVEpgvr .tatsu-section-pad{padding: 90px 0px 90px 0px;}.tatsu-SkWUVEpgvr .tatsu-section-offset-wrap{transform: translateY(-0px);}.tatsu-SkWUVEpgvr > .tatsu-bottom-divider{z-index: 9999;}.tatsu-SkWUVEpgvr > .tatsu-top-divider{z-index: 9999;}.tatsu-SkWUVEpgvr .tatsu-section-overlay{mix-blend-mode: normal;}<\/style><\/div><div  class=\"tatsu-gtmhuafysrbinfzv tatsu-section  tatsu-bg-overlay   tatsu-clearfix\" data-title=\"\"  data-headerscheme=\"background--dark\"><div class='tatsu-section-pad clearfix' data-padding='{\"d\":\"15px 0px 90px 0px\"}' data-padding-top='15px'><div class=\"tatsu-row-wrap  tatsu-wrap tatsu-row-one-col tatsu-row-has-one-cols tatsu-medium-gutter tatsu-reg-cols  tatsu-clearfix tatsu-gtmhuafyuqa9axw5\" ><div  class=\"tatsu-row \" ><div  class=\"tatsu-column  tatsu-bg-overlay tatsu-one-col tatsu-column-image-none tatsu-column-effect-none  tatsu-gtmhuafyw3a4enbk\"  data-parallax-speed=\"0\" style=\"\"><div class=\"tatsu-column-inner \" ><div class=\"tatsu-column-pad-wrap\"><div class=\"tatsu-column-pad\" ><div  class=\"tatsu-module tatsu-text-block-wrap tatsu-gtmhuafyx94ndm0y  \"><div class=\"tatsu-text-inner tatsu-align-center  clearfix\" ><style>.tatsu-gtmhuafyx94ndm0y.tatsu-text-block-wrap .tatsu-text-inner{width: 100%;text-align: left;}<\/style>\n<\/div><\/div><\/div><\/div><div class = \"tatsu-column-bg-image-wrap\"><div class = \"tatsu-column-bg-image\" ><\/div><\/div><div class=\"tatsu-overlay tatsu-column-overlay tatsu-animate-none\" ><\/div><\/div><style>.tatsu-row > .tatsu-gtmhuafyw3a4enbk.tatsu-column{width: 100%;}.tatsu-gtmhuafyw3a4enbk.tatsu-column > .tatsu-column-inner > .tatsu-column-overlay{mix-blend-mode: normal;}.tatsu-gtmhuafyw3a4enbk > .tatsu-column-inner > .tatsu-top-divider{z-index: 9999;}.tatsu-gtmhuafyw3a4enbk > .tatsu-column-inner > .tatsu-bottom-divider{z-index: 9999;}.tatsu-gtmhuafyw3a4enbk > .tatsu-column-inner > .tatsu-left-divider{z-index: 9999;}.tatsu-gtmhuafyw3a4enbk > .tatsu-column-inner > .tatsu-right-divider{z-index: 9999;}<\/style><\/div><\/div><\/div><\/div><div class=\"tatsu-section-background-wrap\"><div class = \"tatsu-section-background\" ><\/div><\/div><div class=\"tatsu-overlay tatsu-section-overlay\"><\/div><style>.tatsu-gtmhuafysrbinfzv .tatsu-section-pad{padding: 15px 0px 90px 0px;}.tatsu-gtmhuafysrbinfzv > .tatsu-bottom-divider{z-index: 9999;}.tatsu-gtmhuafysrbinfzv > .tatsu-top-divider{z-index: 9999;}.tatsu-gtmhuafysrbinfzv .tatsu-section-overlay{mix-blend-mode: normal;}<\/style><\/div>","protected":false},"excerpt":{"rendered":"<p><a href=\"https:\/\/www.bluro.de\/index.php\/impressum\/\" class=\"more-link style2-button\">Weiterlesen<\/a><\/p>","protected":false},"author":1,"featured_media":0,"parent":0,"menu_order":0,"comment_status":"closed","ping_status":"closed","template":"","meta":{"footnotes":""},"class_list":["post-2","page","type-page","status-publish","hentry"],"_links":{"self":[{"href":"https:\/\/www.bluro.de\/index.php\/wp-json\/wp\/v2\/pages\/2","targetHints":{"allow":["GET"]}}],"collection":[{"href":"https:\/\/www.bluro.de\/index.php\/wp-json\/wp\/v2\/pages"}],"about":[{"href":"https:\/\/www.bluro.de\/index.php\/wp-json\/wp\/v2\/types\/page"}],"author":[{"embeddable":true,"href":"https:\/\/www.bluro.de\/index.php\/wp-json\/wp\/v2\/users\/1"}],"replies":[{"embeddable":true,"href":"https:\/\/www.bluro.de\/index.php\/wp-json\/wp\/v2\/comments?post=2"}],"version-history":[{"count":6,"href":"https:\/\/www.bluro.de\/index.php\/wp-json\/wp\/v2\/pages\/2\/revisions"}],"predecessor-version":[{"id":3849,"href":"https:\/\/www.bluro.de\/index.php\/wp-json\/wp\/v2\/pages\/2\/revisions\/3849"}],"wp:attachment":[{"href":"https:\/\/www.bluro.de\/index.php\/wp-json\/wp\/v2\/media?parent=2"}],"curies":[{"name":"wp","href":"https:\/\/api.w.org\/{rel}","templated":true}]}}